{"id":53,"date":"2019-10-17T10:40:07","date_gmt":"2019-10-17T13:40:07","guid":{"rendered":"http:\/\/oleocombustivel.com.br\/?page_id=53"},"modified":"2019-10-17T10:40:08","modified_gmt":"2019-10-17T13:40:08","slug":"oleo-para-usina-de-asfalto","status":"publish","type":"page","link":"http:\/\/oleocombustivel.com.br\/index.php\/oleo-para-usina-de-asfalto\/","title":{"rendered":"\u00d3leo para usina de asfalto"},"content":{"rendered":"\n<p>Produzido com alta tecnologia, o OTE, extra\u00eddo da rocha de xisto, \u00e9 um combust\u00edvel de alto poder calor\u00edfico, sendo a melhor alternativa para os \u00f3leos combust\u00edveis derivados de petr\u00f3leo (OC-1A e OC-1B). Mostrando-se energeticamente superior e com vantagens decorrentes da maior fluidez, facilita o manuseio, traz redu\u00e7\u00e3o de custos operacionais e elimina os transtornos associados ao aquecimento de \u00f3leo. Possui caracter\u00edsticas t\u00e9cnicas superiores aos \u00f3leos combust\u00edveis convencionais derivados de petr\u00f3leo e, por possuir baixo teor de enxofre, \u00e9 menos agressivo ao meio ambiente.<\/p>\n\n\n\n<p><strong>Vantagens<\/strong><\/p>\n\n\n\n<p><img loading=\"lazy\" width=\"880\" height=\"355\" class=\"wp-image-54\" style=\"width: 650px;\" src=\"http:\/\/oleocombustivel.com.br\/wp-content\/uploads\/2019\/10\/image_6_880x0.jpg\" alt=\"\" srcset=\"http:\/\/oleocombustivel.com.br\/wp-content\/uploads\/2019\/10\/image_6_880x0.jpg 880w, http:\/\/oleocombustivel.com.br\/wp-content\/uploads\/2019\/10\/image_6_880x0-300x121.jpg 300w, http:\/\/oleocombustivel.com.br\/wp-content\/uploads\/2019\/10\/image_6_880x0-768x310.jpg 768w, http:\/\/oleocombustivel.com.br\/wp-content\/uploads\/2019\/10\/image_6_880x0-200x81.jpg 200w, http:\/\/oleocombustivel.com.br\/wp-content\/uploads\/2019\/10\/image_6_880x0-690x278.jpg 690w\" sizes=\"(max-width: 880px) 100vw, 880px\" \/>Redu\u00e7\u00e3o da necessidade do pr\u00e9-aquecimento do produto, tanto no armazenamento, bombeamento e at\u00e9 mesmo no tanque de servi\u00e7o que alimenta o ma\u00e7arico, maior economia ao reduzir os custos operacionais de queima, diminui\u00e7\u00e3o da corros\u00e3o de dutos, chamin\u00e9s e bicos, redu\u00e7\u00e3o das interven\u00e7\u00f5es para manuten\u00e7\u00e3o e\/ou desentupimento de linhas, bombas, v\u00e1lvulas, bicos e ma\u00e7aricos, elimina\u00e7\u00e3o dos procedimentos de desobstru\u00e7\u00e3o e limpeza de linhas nas partidas e paradas da unidade.<\/p>\n\n\n\n<p><strong>Vantagens Ambientais<\/strong><\/p>\n\n\n\n<p>Baixo teor de enxofre, redu\u00e7\u00e3o da emiss\u00e3o de poluentes e a forma\u00e7\u00e3o de chuvas \u00e1cidas e redu\u00e7\u00e3o da emiss\u00e3o de part\u00edculas que produzem fuma\u00e7a e fuligem por ser mais leve que os \u00f3leos derivados de petr\u00f3leo.<\/p>\n","protected":false},"excerpt":{"rendered":"<p>Produzido com alta tecnologia, o OTE, extra\u00eddo da rocha de xisto, \u00e9 um combust\u00edvel de alto poder calor\u00edfico, sendo a&nbsp;[&hellip;]<\/p>\n","protected":false},"author":1,"featured_media":0,"parent":0,"menu_order":0,"comment_status":"closed","ping_status":"closed","template":"","meta":[],"yoast_head":"<!-- This site is optimized with the Yoast SEO plugin v16.6.1 - https:\/\/yoast.com\/wordpress\/plugins\/seo\/ -->\r\n<title>\u00d3leo para usina de asfalto - \u00d3leo Combust\u00edvel BPF - BRASILPETROLEO<\/title>\r\n<meta name=\"robots\" content=\"index, follow, max-snippet:-1, max-image-preview:large, max-video-preview:-1\" \/>\r\n<link rel=\"canonical\" href=\"http:\/\/oleocombustivel.com.br\/index.php\/oleo-para-usina-de-asfalto\/\" \/>\r\n<meta property=\"og:locale\" content=\"pt_BR\" \/>\r\n<meta property=\"og:type\" content=\"article\" \/>\r\n<meta property=\"og:title\" content=\"\u00d3leo para usina de asfalto - \u00d3leo Combust\u00edvel BPF - BRASILPETROLEO\" \/>\r\n<meta property=\"og:description\" content=\"Produzido com alta tecnologia, o OTE, extra\u00eddo da rocha de xisto, \u00e9 um combust\u00edvel de alto poder calor\u00edfico, sendo a&nbsp;[&hellip;]\" \/>\r\n<meta property=\"og:url\" content=\"http:\/\/oleocombustivel.com.br\/index.php\/oleo-para-usina-de-asfalto\/\" \/>\r\n<meta property=\"og:site_name\" content=\"\u00d3leo Combust\u00edvel BPF - BRASILPETROLEO\" \/>\r\n<meta property=\"article:modified_time\" content=\"2019-10-17T13:40:08+00:00\" \/>\r\n<meta property=\"og:image\" content=\"http:\/\/oleocombustivel.com.br\/wp-content\/uploads\/2019\/10\/image_6_880x0.jpg\" \/>\r\n<meta name=\"twitter:card\" content=\"summary_large_image\" \/>\r\n<meta name=\"twitter:label1\" content=\"Est. tempo de leitura\" \/>\n\t<meta name=\"twitter:data1\" content=\"1 minuto\" \/>\r\n<script type=\"application\/ld+json\" class=\"yoast-schema-graph\">{\"@context\":\"https:\/\/schema.org\",\"@graph\":[{\"@type\":\"Organization\",\"@id\":\"https:\/\/oleocombustivel.com.br\/#organization\",\"name\":\"BRASILPETROLEO\",\"url\":\"https:\/\/oleocombustivel.com.br\/\",\"sameAs\":[],\"logo\":{\"@type\":\"ImageObject\",\"@id\":\"https:\/\/oleocombustivel.com.br\/#logo\",\"inLanguage\":\"pt-BR\",\"url\":\"http:\/\/oleocombustivel.com.br\/wp-content\/uploads\/2019\/10\/gota-amarela.png\",\"contentUrl\":\"http:\/\/oleocombustivel.com.br\/wp-content\/uploads\/2019\/10\/gota-amarela.png\",\"width\":322,\"height\":512,\"caption\":\"BRASILPETROLEO\"},\"image\":{\"@id\":\"https:\/\/oleocombustivel.com.br\/#logo\"}},{\"@type\":\"WebSite\",\"@id\":\"https:\/\/oleocombustivel.com.br\/#website\",\"url\":\"https:\/\/oleocombustivel.com.br\/\",\"name\":\"BRASILPETROLEO - \\u00d3leo Combust\\u00edvel BPF - \\u00d3leo para usina de aslfalto\",\"description\":\"\",\"publisher\":{\"@id\":\"https:\/\/oleocombustivel.com.br\/#organization\"},\"potentialAction\":[{\"@type\":\"SearchAction\",\"target\":{\"@type\":\"EntryPoint\",\"urlTemplate\":\"https:\/\/oleocombustivel.com.br\/?s={search_term_string}\"},\"query-input\":\"required name=search_term_string\"}],\"inLanguage\":\"pt-BR\"},{\"@type\":\"ImageObject\",\"@id\":\"http:\/\/oleocombustivel.com.br\/index.php\/oleo-para-usina-de-asfalto\/#primaryimage\",\"inLanguage\":\"pt-BR\",\"url\":\"http:\/\/oleocombustivel.com.br\/wp-content\/uploads\/2019\/10\/image_6_880x0.jpg\",\"contentUrl\":\"http:\/\/oleocombustivel.com.br\/wp-content\/uploads\/2019\/10\/image_6_880x0.jpg\",\"width\":880,\"height\":355},{\"@type\":\"WebPage\",\"@id\":\"http:\/\/oleocombustivel.com.br\/index.php\/oleo-para-usina-de-asfalto\/#webpage\",\"url\":\"http:\/\/oleocombustivel.com.br\/index.php\/oleo-para-usina-de-asfalto\/\",\"name\":\"\\u00d3leo para usina de asfalto - \\u00d3leo Combust\\u00edvel BPF - BRASILPETROLEO\",\"isPartOf\":{\"@id\":\"https:\/\/oleocombustivel.com.br\/#website\"},\"primaryImageOfPage\":{\"@id\":\"http:\/\/oleocombustivel.com.br\/index.php\/oleo-para-usina-de-asfalto\/#primaryimage\"},\"datePublished\":\"2019-10-17T13:40:07+00:00\",\"dateModified\":\"2019-10-17T13:40:08+00:00\",\"breadcrumb\":{\"@id\":\"http:\/\/oleocombustivel.com.br\/index.php\/oleo-para-usina-de-asfalto\/#breadcrumb\"},\"inLanguage\":\"pt-BR\",\"potentialAction\":[{\"@type\":\"ReadAction\",\"target\":[\"http:\/\/oleocombustivel.com.br\/index.php\/oleo-para-usina-de-asfalto\/\"]}]},{\"@type\":\"BreadcrumbList\",\"@id\":\"http:\/\/oleocombustivel.com.br\/index.php\/oleo-para-usina-de-asfalto\/#breadcrumb\",\"itemListElement\":[{\"@type\":\"ListItem\",\"position\":1,\"name\":\"In\\u00edcio\",\"item\":\"https:\/\/oleocombustivel.com.br\/\"},{\"@type\":\"ListItem\",\"position\":2,\"name\":\"\\u00d3leo para usina de asfalto\"}]}]}<\/script>\r\n<!-- \/ Yoast SEO plugin. -->","_links":{"self":[{"href":"http:\/\/oleocombustivel.com.br\/index.php\/wp-json\/wp\/v2\/pages\/53"}],"collection":[{"href":"http:\/\/oleocombustivel.com.br\/index.php\/wp-json\/wp\/v2\/pages"}],"about":[{"href":"http:\/\/oleocombustivel.com.br\/index.php\/wp-json\/wp\/v2\/types\/page"}],"author":[{"embeddable":true,"href":"http:\/\/oleocombustivel.com.br\/index.php\/wp-json\/wp\/v2\/users\/1"}],"replies":[{"embeddable":true,"href":"http:\/\/oleocombustivel.com.br\/index.php\/wp-json\/wp\/v2\/comments?post=53"}],"version-history":[{"count":1,"href":"http:\/\/oleocombustivel.com.br\/index.php\/wp-json\/wp\/v2\/pages\/53\/revisions"}],"predecessor-version":[{"id":55,"href":"http:\/\/oleocombustivel.com.br\/index.php\/wp-json\/wp\/v2\/pages\/53\/revisions\/55"}],"wp:attachment":[{"href":"http:\/\/oleocombustivel.com.br\/index.php\/wp-json\/wp\/v2\/media?parent=53"}],"curies":[{"name":"wp","href":"https:\/\/api.w.org\/{rel}","templated":true}]}}