{"id":48,"date":"2019-10-17T10:33:37","date_gmt":"2019-10-17T13:33:37","guid":{"rendered":"http:\/\/oleocombustivel.com.br\/?page_id=48"},"modified":"2019-10-17T10:33:37","modified_gmt":"2019-10-17T13:33:37","slug":"o-que-e-oleo-bpf","status":"publish","type":"page","link":"http:\/\/oleocombustivel.com.br\/index.php\/o-que-e-oleo-bpf\/","title":{"rendered":"O que \u00e9 \u00f3leo bpf"},"content":{"rendered":"\n<p>O \u00f3leo BPF \u00e9 um \u00f3leo combust\u00edvel derivado de petr\u00f3leo, de baixo ponto de fluidez, tamb\u00e9m chamado \u00f3leo combust\u00edvel pesado ou \u00f3leo combust\u00edvel residual, \u00e9 a parte remanescente da destila\u00e7\u00e3o das fra\u00e7\u00f5es do petr\u00f3leo, designadas de modo geral como fra\u00e7\u00f5es pesadas, obtidas em v\u00e1rios processos de refino. A composi\u00e7\u00e3o bastante complexa dos \u00f3leos combust\u00edveis depende n\u00e3o s\u00f3 do petr\u00f3leo que os originou, como tamb\u00e9m do tipo de processo e misturas que sofreram nas refinarias, de modo que pode-se atender as v\u00e1rias exig\u00eancias do mercado consumidor numa ampla faixa de viscosidade.<\/p>\n\n\n\n<p><strong>Utiliza\u00e7\u00e3o<\/strong><\/p>\n\n\n\n<p style=\"text-align:left\"><img loading=\"lazy\" width=\"690\" height=\"620\" class=\"wp-image-49\" style=\"width: 650px;\" src=\"http:\/\/oleocombustivel.com.br\/wp-content\/uploads\/2019\/10\/oleo-bpf-1a-tipo-bpf-oleo-oc-alternativo-oleo-fino-ocr-D_NQ_NP_962181-MLB25549589719_042017-F.jpg\" alt=\"\" srcset=\"http:\/\/oleocombustivel.com.br\/wp-content\/uploads\/2019\/10\/oleo-bpf-1a-tipo-bpf-oleo-oc-alternativo-oleo-fino-ocr-D_NQ_NP_962181-MLB25549589719_042017-F.jpg 690w, http:\/\/oleocombustivel.com.br\/wp-content\/uploads\/2019\/10\/oleo-bpf-1a-tipo-bpf-oleo-oc-alternativo-oleo-fino-ocr-D_NQ_NP_962181-MLB25549589719_042017-F-300x270.jpg 300w, http:\/\/oleocombustivel.com.br\/wp-content\/uploads\/2019\/10\/oleo-bpf-1a-tipo-bpf-oleo-oc-alternativo-oleo-fino-ocr-D_NQ_NP_962181-MLB25549589719_042017-F-200x180.jpg 200w\" sizes=\"(max-width: 690px) 100vw, 690px\" \/>Largamente utilizados na ind\u00fastria moderna para aquecimento de fornos e caldeiras, ou em motores de combust\u00e3o interna para gera\u00e7\u00e3o de calor, os \u00f3leos combust\u00edveis subdividem-se em diversos tipos, de acordo com sua origem e caracter\u00edsticas.<\/p>\n\n\n\n<p>A escolha do \u00f3leo combust\u00edvel como fonte energ\u00e9tica em equipamentos industriais prev\u00ea o m\u00e1ximo de efici\u00eancia poss\u00edvel na queima dos mesmos. Deve-se levar em conta as recomenda\u00e7\u00f5es do fabricante do equipamento, e aspectos de seguran\u00e7a relativos ao armazenagem, transporte e manuseio do produto, para que sejam evitados maiores problemas.<\/p>\n","protected":false},"excerpt":{"rendered":"<p>O \u00f3leo BPF \u00e9 um \u00f3leo combust\u00edvel derivado de petr\u00f3leo, de baixo ponto de fluidez, tamb\u00e9m chamado \u00f3leo combust\u00edvel pesado&nbsp;[&hellip;]<\/p>\n","protected":false},"author":1,"featured_media":0,"parent":0,"menu_order":0,"comment_status":"closed","ping_status":"closed","template":"","meta":[],"yoast_head":"<!-- This site is optimized with the Yoast SEO plugin v16.6.1 - https:\/\/yoast.com\/wordpress\/plugins\/seo\/ -->\r\n<title>O que \u00e9 \u00f3leo bpf - \u00d3leo Combust\u00edvel BPF - BRASILPETROLEO<\/title>\r\n<meta name=\"robots\" content=\"index, follow, max-snippet:-1, max-image-preview:large, max-video-preview:-1\" \/>\r\n<link rel=\"canonical\" href=\"https:\/\/oleocombustivel.com.br\/index.php\/o-que-e-oleo-bpf\/\" \/>\r\n<meta property=\"og:locale\" content=\"pt_BR\" \/>\r\n<meta property=\"og:type\" content=\"article\" \/>\r\n<meta property=\"og:title\" content=\"O que \u00e9 \u00f3leo bpf - \u00d3leo Combust\u00edvel BPF - BRASILPETROLEO\" \/>\r\n<meta property=\"og:description\" content=\"O \u00f3leo BPF \u00e9 um \u00f3leo combust\u00edvel derivado de petr\u00f3leo, de baixo ponto de fluidez, tamb\u00e9m chamado \u00f3leo combust\u00edvel pesado&nbsp;[&hellip;]\" \/>\r\n<meta property=\"og:url\" content=\"https:\/\/oleocombustivel.com.br\/index.php\/o-que-e-oleo-bpf\/\" \/>\r\n<meta property=\"og:site_name\" content=\"\u00d3leo Combust\u00edvel BPF - BRASILPETROLEO\" \/>\r\n<meta property=\"og:image\" content=\"http:\/\/oleocombustivel.com.br\/wp-content\/uploads\/2019\/10\/oleo-bpf-1a-tipo-bpf-oleo-oc-alternativo-oleo-fino-ocr-D_NQ_NP_962181-MLB25549589719_042017-F.jpg\" \/>\r\n<meta name=\"twitter:card\" content=\"summary_large_image\" \/>\r\n<meta name=\"twitter:label1\" content=\"Est. tempo de leitura\" \/>\n\t<meta name=\"twitter:data1\" content=\"1 minuto\" \/>\r\n<script type=\"application\/ld+json\" class=\"yoast-schema-graph\">{\"@context\":\"https:\/\/schema.org\",\"@graph\":[{\"@type\":\"Organization\",\"@id\":\"https:\/\/oleocombustivel.com.br\/#organization\",\"name\":\"BRASILPETROLEO\",\"url\":\"https:\/\/oleocombustivel.com.br\/\",\"sameAs\":[],\"logo\":{\"@type\":\"ImageObject\",\"@id\":\"https:\/\/oleocombustivel.com.br\/#logo\",\"inLanguage\":\"pt-BR\",\"url\":\"http:\/\/oleocombustivel.com.br\/wp-content\/uploads\/2019\/10\/gota-amarela.png\",\"contentUrl\":\"http:\/\/oleocombustivel.com.br\/wp-content\/uploads\/2019\/10\/gota-amarela.png\",\"width\":322,\"height\":512,\"caption\":\"BRASILPETROLEO\"},\"image\":{\"@id\":\"https:\/\/oleocombustivel.com.br\/#logo\"}},{\"@type\":\"WebSite\",\"@id\":\"https:\/\/oleocombustivel.com.br\/#website\",\"url\":\"https:\/\/oleocombustivel.com.br\/\",\"name\":\"BRASILPETROLEO - \\u00d3leo Combust\\u00edvel BPF - \\u00d3leo para usina de aslfalto\",\"description\":\"\",\"publisher\":{\"@id\":\"https:\/\/oleocombustivel.com.br\/#organization\"},\"potentialAction\":[{\"@type\":\"SearchAction\",\"target\":{\"@type\":\"EntryPoint\",\"urlTemplate\":\"https:\/\/oleocombustivel.com.br\/?s={search_term_string}\"},\"query-input\":\"required name=search_term_string\"}],\"inLanguage\":\"pt-BR\"},{\"@type\":\"ImageObject\",\"@id\":\"https:\/\/oleocombustivel.com.br\/index.php\/o-que-e-oleo-bpf\/#primaryimage\",\"inLanguage\":\"pt-BR\",\"url\":\"http:\/\/oleocombustivel.com.br\/wp-content\/uploads\/2019\/10\/oleo-bpf-1a-tipo-bpf-oleo-oc-alternativo-oleo-fino-ocr-D_NQ_NP_962181-MLB25549589719_042017-F.jpg\",\"contentUrl\":\"http:\/\/oleocombustivel.com.br\/wp-content\/uploads\/2019\/10\/oleo-bpf-1a-tipo-bpf-oleo-oc-alternativo-oleo-fino-ocr-D_NQ_NP_962181-MLB25549589719_042017-F.jpg\",\"width\":690,\"height\":620},{\"@type\":\"WebPage\",\"@id\":\"https:\/\/oleocombustivel.com.br\/index.php\/o-que-e-oleo-bpf\/#webpage\",\"url\":\"https:\/\/oleocombustivel.com.br\/index.php\/o-que-e-oleo-bpf\/\",\"name\":\"O que \\u00e9 \\u00f3leo bpf - \\u00d3leo Combust\\u00edvel BPF - BRASILPETROLEO\",\"isPartOf\":{\"@id\":\"https:\/\/oleocombustivel.com.br\/#website\"},\"primaryImageOfPage\":{\"@id\":\"https:\/\/oleocombustivel.com.br\/index.php\/o-que-e-oleo-bpf\/#primaryimage\"},\"datePublished\":\"2019-10-17T13:33:37+00:00\",\"dateModified\":\"2019-10-17T13:33:37+00:00\",\"breadcrumb\":{\"@id\":\"https:\/\/oleocombustivel.com.br\/index.php\/o-que-e-oleo-bpf\/#breadcrumb\"},\"inLanguage\":\"pt-BR\",\"potentialAction\":[{\"@type\":\"ReadAction\",\"target\":[\"https:\/\/oleocombustivel.com.br\/index.php\/o-que-e-oleo-bpf\/\"]}]},{\"@type\":\"BreadcrumbList\",\"@id\":\"https:\/\/oleocombustivel.com.br\/index.php\/o-que-e-oleo-bpf\/#breadcrumb\",\"itemListElement\":[{\"@type\":\"ListItem\",\"position\":1,\"name\":\"In\\u00edcio\",\"item\":\"https:\/\/oleocombustivel.com.br\/\"},{\"@type\":\"ListItem\",\"position\":2,\"name\":\"O que \\u00e9 \\u00f3leo bpf\"}]}]}<\/script>\r\n<!-- \/ Yoast SEO plugin. -->","_links":{"self":[{"href":"http:\/\/oleocombustivel.com.br\/index.php\/wp-json\/wp\/v2\/pages\/48"}],"collection":[{"href":"http:\/\/oleocombustivel.com.br\/index.php\/wp-json\/wp\/v2\/pages"}],"about":[{"href":"http:\/\/oleocombustivel.com.br\/index.php\/wp-json\/wp\/v2\/types\/page"}],"author":[{"embeddable":true,"href":"http:\/\/oleocombustivel.com.br\/index.php\/wp-json\/wp\/v2\/users\/1"}],"replies":[{"embeddable":true,"href":"http:\/\/oleocombustivel.com.br\/index.php\/wp-json\/wp\/v2\/comments?post=48"}],"version-history":[{"count":1,"href":"http:\/\/oleocombustivel.com.br\/index.php\/wp-json\/wp\/v2\/pages\/48\/revisions"}],"predecessor-version":[{"id":50,"href":"http:\/\/oleocombustivel.com.br\/index.php\/wp-json\/wp\/v2\/pages\/48\/revisions\/50"}],"wp:attachment":[{"href":"http:\/\/oleocombustivel.com.br\/index.php\/wp-json\/wp\/v2\/media?parent=48"}],"curies":[{"name":"wp","href":"https:\/\/api.w.org\/{rel}","templated":true}]}}