{"id":2,"date":"2019-10-17T02:18:42","date_gmt":"2019-10-17T02:18:42","guid":{"rendered":"http:\/\/oleocombustivel.com.br\/?page_id=2"},"modified":"2021-02-03T17:30:30","modified_gmt":"2021-02-03T19:30:30","slug":"sample-page","status":"publish","type":"page","link":"http:\/\/oleocombustivel.com.br\/","title":{"rendered":"Seja Bem Vindo"},"content":{"rendered":"\n<p>Somos uma empresa especializada em \u00d3leo BPF e Xisto,  para usinas de asfalto e outras aplica\u00e7\u00f5es.<\/p>\n\n\n\n<p>Possu\u00edmos frota pr\u00f3pria para atender a sua demanda.<\/p>\n\n\n\n<p>Fique \u00e0 vontade para nos contactar e solicitar um or\u00e7amento.<\/p>\n\n\n\n<p>Contato: contato@oleocombustivel.com.br<br>Celular: 27 99821-6725<\/p>\n","protected":false},"excerpt":{"rendered":"<p>Somos uma empresa especializada em \u00d3leo BPF e Xisto, para usinas de asfalto e outras aplica\u00e7\u00f5es. Possu\u00edmos frota pr\u00f3pria para&nbsp;[&hellip;]<\/p>\n","protected":false},"author":1,"featured_media":0,"parent":0,"menu_order":0,"comment_status":"closed","ping_status":"open","template":"","meta":[],"yoast_head":"<!-- This site is optimized with the Yoast SEO plugin v16.6.1 - https:\/\/yoast.com\/wordpress\/plugins\/seo\/ -->\r\n<title>Seja Bem Vindo - \u00d3leo Combust\u00edvel BPF - BRASILPETROLEO<\/title>\r\n<meta name=\"robots\" content=\"index, follow, max-snippet:-1, max-image-preview:large, max-video-preview:-1\" \/>\r\n<link rel=\"canonical\" href=\"http:\/\/oleocombustivel.com.br\/\" \/>\r\n<meta property=\"og:locale\" content=\"pt_BR\" \/>\r\n<meta property=\"og:type\" content=\"article\" \/>\r\n<meta property=\"og:title\" content=\"Seja Bem Vindo - \u00d3leo Combust\u00edvel BPF - BRASILPETROLEO\" \/>\r\n<meta property=\"og:description\" content=\"Somos uma empresa especializada em \u00d3leo BPF e Xisto, para usinas de asfalto e outras aplica\u00e7\u00f5es. Possu\u00edmos frota pr\u00f3pria para&nbsp;[&hellip;]\" \/>\r\n<meta property=\"og:url\" content=\"http:\/\/oleocombustivel.com.br\/\" \/>\r\n<meta property=\"og:site_name\" content=\"\u00d3leo Combust\u00edvel BPF - BRASILPETROLEO\" \/>\r\n<meta property=\"article:modified_time\" content=\"2021-02-03T19:30:30+00:00\" \/>\r\n<meta name=\"twitter:card\" content=\"summary_large_image\" \/>\r\n<script type=\"application\/ld+json\" class=\"yoast-schema-graph\">{\"@context\":\"https:\/\/schema.org\",\"@graph\":[{\"@type\":\"Organization\",\"@id\":\"https:\/\/oleocombustivel.com.br\/#organization\",\"name\":\"BRASILPETROLEO\",\"url\":\"https:\/\/oleocombustivel.com.br\/\",\"sameAs\":[],\"logo\":{\"@type\":\"ImageObject\",\"@id\":\"https:\/\/oleocombustivel.com.br\/#logo\",\"inLanguage\":\"pt-BR\",\"url\":\"http:\/\/oleocombustivel.com.br\/wp-content\/uploads\/2019\/10\/gota-amarela.png\",\"contentUrl\":\"http:\/\/oleocombustivel.com.br\/wp-content\/uploads\/2019\/10\/gota-amarela.png\",\"width\":322,\"height\":512,\"caption\":\"BRASILPETROLEO\"},\"image\":{\"@id\":\"https:\/\/oleocombustivel.com.br\/#logo\"}},{\"@type\":\"WebSite\",\"@id\":\"https:\/\/oleocombustivel.com.br\/#website\",\"url\":\"https:\/\/oleocombustivel.com.br\/\",\"name\":\"BRASILPETROLEO - \\u00d3leo Combust\\u00edvel BPF - \\u00d3leo para usina de aslfalto\",\"description\":\"\",\"publisher\":{\"@id\":\"https:\/\/oleocombustivel.com.br\/#organization\"},\"potentialAction\":[{\"@type\":\"SearchAction\",\"target\":{\"@type\":\"EntryPoint\",\"urlTemplate\":\"https:\/\/oleocombustivel.com.br\/?s={search_term_string}\"},\"query-input\":\"required name=search_term_string\"}],\"inLanguage\":\"pt-BR\"},{\"@type\":\"WebPage\",\"@id\":\"http:\/\/oleocombustivel.com.br\/#webpage\",\"url\":\"http:\/\/oleocombustivel.com.br\/\",\"name\":\"Seja Bem Vindo - \\u00d3leo Combust\\u00edvel BPF - BRASILPETROLEO\",\"isPartOf\":{\"@id\":\"https:\/\/oleocombustivel.com.br\/#website\"},\"datePublished\":\"2019-10-17T02:18:42+00:00\",\"dateModified\":\"2021-02-03T19:30:30+00:00\",\"breadcrumb\":{\"@id\":\"http:\/\/oleocombustivel.com.br\/#breadcrumb\"},\"inLanguage\":\"pt-BR\",\"potentialAction\":[{\"@type\":\"ReadAction\",\"target\":[\"http:\/\/oleocombustivel.com.br\/\"]}]},{\"@type\":\"BreadcrumbList\",\"@id\":\"http:\/\/oleocombustivel.com.br\/#breadcrumb\",\"itemListElement\":[{\"@type\":\"ListItem\",\"position\":1,\"name\":\"In\\u00edcio\",\"item\":\"http:\/\/oleocombustivel.com.br\/\"},{\"@type\":\"ListItem\",\"position\":2,\"name\":\"Seja Bem Vindo\"}]}]}<\/script>\r\n<!-- \/ Yoast SEO plugin. -->","_links":{"self":[{"href":"http:\/\/oleocombustivel.com.br\/index.php\/wp-json\/wp\/v2\/pages\/2"}],"collection":[{"href":"http:\/\/oleocombustivel.com.br\/index.php\/wp-json\/wp\/v2\/pages"}],"about":[{"href":"http:\/\/oleocombustivel.com.br\/index.php\/wp-json\/wp\/v2\/types\/page"}],"author":[{"embeddable":true,"href":"http:\/\/oleocombustivel.com.br\/index.php\/wp-json\/wp\/v2\/users\/1"}],"replies":[{"embeddable":true,"href":"http:\/\/oleocombustivel.com.br\/index.php\/wp-json\/wp\/v2\/comments?post=2"}],"version-history":[{"count":3,"href":"http:\/\/oleocombustivel.com.br\/index.php\/wp-json\/wp\/v2\/pages\/2\/revisions"}],"predecessor-version":[{"id":73,"href":"http:\/\/oleocombustivel.com.br\/index.php\/wp-json\/wp\/v2\/pages\/2\/revisions\/73"}],"wp:attachment":[{"href":"http:\/\/oleocombustivel.com.br\/index.php\/wp-json\/wp\/v2\/media?parent=2"}],"curies":[{"name":"wp","href":"https:\/\/api.w.org\/{rel}","templated":true}]}}